{"id":1100,"date":"2016-03-16T19:50:28","date_gmt":"2016-03-16T19:50:28","guid":{"rendered":"https:\/\/default.houzez.co\/?page_id=1100"},"modified":"2021-11-09T15:45:25","modified_gmt":"2021-11-09T15:45:25","slug":"services-proprietaires","status":"publish","type":"page","link":"https:\/\/comptoir-immo-renu.com\/fichiers\/index.php\/services-proprietaires\/","title":{"rendered":"Vous souhaitez vendre un bien &#8230;"},"content":{"rendered":"\t\t<div data-elementor-type=\"wp-page\" data-elementor-id=\"1100\" class=\"elementor elementor-1100\">\n\t\t\t\t\t\t<section class=\"elementor-section elementor-top-section elementor-element elementor-element-5906e7f3 elementor-section-boxed elementor-section-height-default elementor-section-height-default elementor-invisible\" data-id=\"5906e7f3\" data-element_type=\"section\" data-settings=\"{&quot;animation&quot;:&quot;fadeIn&quot;}\">\n\t\t\t\t\t\t<div class=\"elementor-container elementor-column-gap-default\">\n\t\t\t\t\t<div class=\"elementor-column elementor-col-50 elementor-top-column elementor-element elementor-element-4e0b2f0d\" data-id=\"4e0b2f0d\" data-element_type=\"column\">\n\t\t\t<div class=\"elementor-widget-wrap elementor-element-populated\">\n\t\t\t\t\t\t<div class=\"elementor-element elementor-element-7f2d05ac elementor-widget elementor-widget-text-editor\" data-id=\"7f2d05ac\" data-element_type=\"widget\" data-settings=\"{&quot;_animation&quot;:&quot;none&quot;}\" data-widget_type=\"text-editor.default\">\n\t\t\t\t<div class=\"elementor-widget-container\">\n\t\t\t<style>\/*! elementor - v3.21.0 - 26-05-2024 *\/\n.elementor-widget-text-editor.elementor-drop-cap-view-stacked .elementor-drop-cap{background-color:#69727d;color:#fff}.elementor-widget-text-editor.elementor-drop-cap-view-framed .elementor-drop-cap{color:#69727d;border:3px solid;background-color:transparent}.elementor-widget-text-editor:not(.elementor-drop-cap-view-default) .elementor-drop-cap{margin-top:8px}.elementor-widget-text-editor:not(.elementor-drop-cap-view-default) .elementor-drop-cap-letter{width:1em;height:1em}.elementor-widget-text-editor .elementor-drop-cap{float:left;text-align:center;line-height:1;font-size:50px}.elementor-widget-text-editor .elementor-drop-cap-letter{display:inline-block}<\/style>\t\t\t\t<h3><strong>Vous \u00eates propri\u00e9taire<\/strong><\/h3><p>Vous souhaitez conna\u00eetre la valeur d&#8217;un bien, que ce soit pour le r\u00e8glement d&#8217;une succession, pour organiser un partage, pour faire une d\u00e9claration d&#8217;ISF ou pour le mettre en vente,<\/p><p>Le Comptoir Immobilier Andr\u00e9 RENU r\u00e9alise des avis de valeur et vous conseille gratuitement sans engagement de votre part.<\/p><p>Remplissez le formulaire ci-contre et nous aurons le plaisir de vous contacter rapidement.<\/p>\t\t\t\t\t\t<\/div>\n\t\t\t\t<\/div>\n\t\t\t\t\t<\/div>\n\t\t<\/div>\n\t\t\t\t<div class=\"elementor-column elementor-col-50 elementor-top-column elementor-element elementor-element-e6735a7\" data-id=\"e6735a7\" data-element_type=\"column\">\n\t\t\t<div class=\"elementor-widget-wrap elementor-element-populated\">\n\t\t\t\t\t\t<div class=\"elementor-element elementor-element-3d636ad elementor-widget elementor-widget-text-editor\" data-id=\"3d636ad\" data-element_type=\"widget\" data-widget_type=\"text-editor.default\">\n\t\t\t\t<div class=\"elementor-widget-container\">\n\t\t\t\t\t\t\t<p>\n<div class=\"wpcf7 no-js\" id=\"wpcf7-f24752-o1\" lang=\"fr-FR\" dir=\"ltr\">\n<div class=\"screen-reader-response\"><p role=\"status\" aria-live=\"polite\" aria-atomic=\"true\"><\/p> <ul><\/ul><\/div>\n<form action=\"\/fichiers\/index.php\/wp-json\/wp\/v2\/pages\/1100#wpcf7-f24752-o1\" method=\"post\" class=\"wpcf7-form init\" aria-label=\"Formulaire de contact\" novalidate=\"novalidate\" data-status=\"init\">\n<div style=\"display: none;\">\n<input type=\"hidden\" name=\"_wpcf7\" value=\"24752\" \/>\n<input type=\"hidden\" name=\"_wpcf7_version\" value=\"5.9.5\" \/>\n<input type=\"hidden\" name=\"_wpcf7_locale\" value=\"fr_FR\" \/>\n<input type=\"hidden\" name=\"_wpcf7_unit_tag\" value=\"wpcf7-f24752-o1\" \/>\n<input type=\"hidden\" name=\"_wpcf7_container_post\" value=\"0\" \/>\n<input type=\"hidden\" name=\"_wpcf7_posted_data_hash\" value=\"\" \/>\n<\/div>\n<p><label> Type de bien<br \/>\n<span class=\"wpcf7-form-control-wrap\" data-name=\"Type_bien\"><select class=\"wpcf7-form-control wpcf7-select\" aria-invalid=\"false\" name=\"Type_bien\"><option value=\"\">&#8212;Veuillez choisir une option&#8212;<\/option><option value=\"Appartement\">Appartement<\/option><option value=\"Maison\">Maison<\/option><option value=\"Demeure\">Demeure<\/option><option value=\"Fond de Commerce\">Fond de Commerce<\/option><option value=\"Parking\">Parking<\/option><option value=\"Immeuble\">Immeuble<\/option><option value=\"Agricole &amp; Viticole\">Agricole &amp; Viticole<\/option><option value=\"For\u00eat\">For\u00eat<\/option><option value=\"Locaux commerciaux\">Locaux commerciaux<\/option><option value=\"Terrain\">Terrain<\/option><option value=\"Bureau\">Bureau<\/option><option value=\"Boutique\">Boutique<\/option><option value=\"Local industriel\">Local industriel<\/option><option value=\"Location vacances\">Location vacances<\/option><option value=\"Autres\">Autres<\/option><\/select><\/span><\/label><br \/>\n<label> Type de Transaction<br \/>\n<span class=\"wpcf7-form-control-wrap\" data-name=\"Type_transaction\"><select class=\"wpcf7-form-control wpcf7-select\" aria-invalid=\"false\" name=\"Type_transaction\"><option value=\"\">&#8212;Veuillez choisir une option&#8212;<\/option><option value=\"Estimation\">Estimation<\/option><option value=\"Vente\">Vente<\/option><option value=\"Viager\">Viager<\/option><\/select><\/span><\/label><br \/>\n<label> Adresse du bien<br \/>\n<span class=\"wpcf7-form-control-wrap\" data-name=\"Adresse_du_bien\"><input size=\"40\" class=\"wpcf7-form-control wpcf7-text\" aria-invalid=\"false\" value=\"\" type=\"text\" name=\"Adresse_du_bien\" \/><\/span><\/label><br \/>\n<label> Surface habitable en m2<br \/>\n<span class=\"wpcf7-form-control-wrap\" data-name=\"Surface_du_bien\"><input size=\"40\" class=\"wpcf7-form-control wpcf7-text\" aria-invalid=\"false\" value=\"\" type=\"text\" name=\"Surface_du_bien\" \/><\/span><\/label><br \/>\n<label> Prix souhait\u00e9<br \/>\n<span class=\"wpcf7-form-control-wrap\" data-name=\"Prix_souhaite\"><input size=\"40\" class=\"wpcf7-form-control wpcf7-text\" aria-invalid=\"false\" value=\"\" type=\"text\" name=\"Prix_souhaite\" \/><\/span><\/label><br \/>\n<label> Nombre de pi\u00e8ces<br \/>\n<span class=\"wpcf7-form-control-wrap\" data-name=\"nb_de_pieces\"><input size=\"40\" class=\"wpcf7-form-control wpcf7-text\" aria-invalid=\"false\" value=\"\" type=\"text\" name=\"nb_de_pieces\" \/><\/span><\/label><br \/>\n<label> Nombre de chambres<br \/>\n<span class=\"wpcf7-form-control-wrap\" data-name=\"nbr_de_chambres\"><input size=\"40\" class=\"wpcf7-form-control wpcf7-text\" aria-invalid=\"false\" value=\"\" type=\"text\" name=\"nbr_de_chambres\" \/><\/span><\/label><br \/>\n<label> Dispo le<br \/>\n<span class=\"wpcf7-form-control-wrap\" data-name=\"dispo_le\"><input size=\"40\" class=\"wpcf7-form-control wpcf7-text\" aria-invalid=\"false\" value=\"\" type=\"text\" name=\"dispo_le\" \/><\/span><\/label><br \/>\n<label> Description du bien<br \/>\n<span class=\"wpcf7-form-control-wrap\" data-name=\"description\"><textarea cols=\"40\" rows=\"10\" class=\"wpcf7-form-control wpcf7-textarea\" aria-invalid=\"false\" name=\"description\"><\/textarea><\/span> <\/label><br \/>\n&#8212;&#8212;&#8212;&#8212;&#8212;&#8212;&#8212;&#8212;&#8212;&#8212;&#8212;&#8212;&#8212;&#8212;&#8212;&#8212;&#8212;&#8212;&#8212;&#8212;&#8212;&#8212;&#8212;-<br \/>\n<label> Votre identit\u00e9<br \/>\n<span class=\"wpcf7-form-control-wrap\" data-name=\"identite\"><input size=\"40\" class=\"wpcf7-form-control wpcf7-text wpcf7-validates-as-required\" aria-required=\"true\" aria-invalid=\"false\" value=\"\" type=\"text\" name=\"identite\" \/><\/span> <\/label><br \/>\n<label> Votre num\u00e9ro de t\u00e9l\u00e9phone<br \/>\n<span class=\"wpcf7-form-control-wrap\" data-name=\"telephone\"><input size=\"40\" class=\"wpcf7-form-control wpcf7-text wpcf7-validates-as-required\" aria-required=\"true\" aria-invalid=\"false\" value=\"\" type=\"text\" name=\"telephone\" \/><\/span> <\/label><br \/>\n<label> Votre e-mail<br \/>\n<span class=\"wpcf7-form-control-wrap\" data-name=\"your-email\"><input size=\"40\" class=\"wpcf7-form-control wpcf7-email wpcf7-validates-as-required wpcf7-text wpcf7-validates-as-email\" aria-required=\"true\" aria-invalid=\"false\" value=\"\" type=\"email\" name=\"your-email\" \/><\/span> <\/label><br \/>\n<label> Votre message (facultatif)<br \/>\n<span class=\"wpcf7-form-control-wrap\" data-name=\"your-message\"><textarea cols=\"40\" rows=\"10\" class=\"wpcf7-form-control wpcf7-textarea\" aria-invalid=\"false\" name=\"your-message\"><\/textarea><\/span> <\/label><br \/>\n<span class=\"wpcf7-form-control-wrap wpcaptcha-136\"><p class=\"c4wp-display-captcha-form\"><label for=\"R\u00e9soudre l\\'addition\">R\u00e9soudre l\\&#8217;addition<\/label><input id=\"c4wp_user_input_captcha\" name=\"c4wp_user_input_captcha\" class=\"c4wp_user_input_captcha\" type=\"text\" style=\"width: 45px;\" autocomplete=\"off\" \/>&nbsp;&nbsp;&#43;&nbsp;&nbsp;74&nbsp;&nbsp;=&nbsp;&nbsp;82<input type=\"hidden\" name=\"c4wp_random_input_captcha\" value=\"JAE=\" \/><\/p><\/span><input type=\"hidden\" name=\"wpcaptcha-136-sn\" \/><br \/>\n<input class=\"wpcf7-form-control wpcf7-submit has-spinner\" type=\"submit\" value=\"Envoyer\" \/>\n<\/p><div class=\"wpcf7-response-output\" aria-hidden=\"true\"><\/div>\n<\/form>\n<\/div>\n<br><\/p>\t\t\t\t\t\t<\/div>\n\t\t\t\t<\/div>\n\t\t\t\t\t<\/div>\n\t\t<\/div>\n\t\t\t\t\t<\/div>\n\t\t<\/section>\n\t\t\t\t<\/div>\n\t\t","protected":false},"excerpt":{"rendered":"<p>Vous \u00eates propri\u00e9taire Vous souhaitez conna\u00eetre la valeur d&#8217;un bien, que ce soit pour le r\u00e8glement d&#8217;une succession, pour organiser un partage, pour faire une d\u00e9claration d&#8217;ISF ou pour le mettre en vente, Le Comptoir Immobilier Andr\u00e9 RENU r\u00e9alise des avis de valeur et vous conseille gratuitement sans engagement de votre part. Remplissez le formulaire [&hellip;]<\/p>\n","protected":false},"author":1,"featured_media":0,"parent":0,"menu_order":0,"comment_status":"closed","ping_status":"closed","template":"","meta":{"footnotes":""},"class_list":["post-1100","page","type-page","status-publish","hentry"],"_links":{"self":[{"href":"https:\/\/comptoir-immo-renu.com\/fichiers\/index.php\/wp-json\/wp\/v2\/pages\/1100","targetHints":{"allow":["GET"]}}],"collection":[{"href":"https:\/\/comptoir-immo-renu.com\/fichiers\/index.php\/wp-json\/wp\/v2\/pages"}],"about":[{"href":"https:\/\/comptoir-immo-renu.com\/fichiers\/index.php\/wp-json\/wp\/v2\/types\/page"}],"author":[{"embeddable":true,"href":"https:\/\/comptoir-immo-renu.com\/fichiers\/index.php\/wp-json\/wp\/v2\/users\/1"}],"replies":[{"embeddable":true,"href":"https:\/\/comptoir-immo-renu.com\/fichiers\/index.php\/wp-json\/wp\/v2\/comments?post=1100"}],"version-history":[{"count":45,"href":"https:\/\/comptoir-immo-renu.com\/fichiers\/index.php\/wp-json\/wp\/v2\/pages\/1100\/revisions"}],"predecessor-version":[{"id":29269,"href":"https:\/\/comptoir-immo-renu.com\/fichiers\/index.php\/wp-json\/wp\/v2\/pages\/1100\/revisions\/29269"}],"wp:attachment":[{"href":"https:\/\/comptoir-immo-renu.com\/fichiers\/index.php\/wp-json\/wp\/v2\/media?parent=1100"}],"curies":[{"name":"wp","href":"https:\/\/api.w.org\/{rel}","templated":true}]}}